{"id":227,"date":"2023-02-08T23:10:50","date_gmt":"2023-02-09T04:10:50","guid":{"rendered":"https:\/\/www.torressantamaria.com\/?page_id=227"},"modified":"2023-08-03T14:59:03","modified_gmt":"2023-08-03T19:59:03","slug":"politica-de-calidad","status":"publish","type":"page","link":"https:\/\/www.torressantamaria.com\/index.php\/politica-de-calidad\/","title":{"rendered":"Pol\u00edtica de calidad"},"content":{"rendered":"\n<figure class=\"wp-block-image size-large\"><img loading=\"lazy\" decoding=\"async\" width=\"1024\" height=\"475\" src=\"https:\/\/www.torressantamaria.com\/wp-content\/uploads\/2023\/01\/CTSHEAD1-1024x475.jpg\" alt=\"\" class=\"wp-image-79\" srcset=\"https:\/\/www.torressantamaria.com\/wp-content\/uploads\/2023\/01\/CTSHEAD1-1024x475.jpg 1024w, https:\/\/www.torressantamaria.com\/wp-content\/uploads\/2023\/01\/CTSHEAD1-300x139.jpg 300w, https:\/\/www.torressantamaria.com\/wp-content\/uploads\/2023\/01\/CTSHEAD1-768x357.jpg 768w, https:\/\/www.torressantamaria.com\/wp-content\/uploads\/2023\/01\/CTSHEAD1.jpg 1400w\" sizes=\"auto, (max-width: 1024px) 100vw, 1024px\" \/><\/figure>\n\n\n\n<p> Nos comprometemos a ofrecer productos c\u00edtricos de la m\u00e1s alta calidad (naranja, mandarina y lim\u00f3n), cumpliendo con los est\u00e1ndares y requisitos establecidos por nuestros clientes, regulaciones gubernamentales y otras partes interesadas pertinentes. Nuestra pol\u00edtica de calidad es fundamental para alcanzar la excelencia en todas las etapas de nuestra operaci\u00f3n y garantizar la satisfacci\u00f3n de nuestros clientes.<\/p>\n\n\n\n<p>Nuestros principios rectores son los siguientes:<\/p>\n\n\n\n<ol class=\"wp-block-list\">\n<li><strong>Calidad del producto:<\/strong> Nos esforzamos por ofrecer productos c\u00edtricos frescos, saludables y seguros para el consumo. Utilizamos pr\u00e1cticas agr\u00edcolas sostenibles, cuidando el medio ambiente y promoviendo la biodiversidad en nuestros cultivos. Adem\u00e1s, implementamos rigurosos controles de calidad durante la cosecha, el procesamiento y el embalaje para garantizar que nuestros productos cumplan con los m\u00e1s altos est\u00e1ndares de calidad.<\/li>\n\n\n\n<li><strong>Cumplimiento normativo:<\/strong> Nos comprometemos a cumplir con todas las leyes, regulaciones y normas aplicables a nuestra industria, as\u00ed como con los requisitos espec\u00edficos de nuestros clientes. Mantenemos un riguroso control de calidad en todas nuestras operaciones para asegurar que nuestros productos cumplan con los est\u00e1ndares legales y de seguridad alimentaria.<\/li>\n\n\n\n<li><strong>Mejora continua:<\/strong> Buscamos la mejora continua en todos los aspectos de nuestro negocio. Establecemos objetivos y metas medibles para impulsar la excelencia en la calidad de nuestros productos, as\u00ed como en nuestros procesos internos. Fomentamos la participaci\u00f3n activa de nuestros empleados, promoviendo el desarrollo de habilidades, la capacitaci\u00f3n y la adopci\u00f3n de mejores pr\u00e1cticas en todos los niveles de la organizaci\u00f3n.<\/li>\n\n\n\n<li><strong>Relaciones con los clientes:<\/strong> Nos esforzamos por entender las necesidades y expectativas de nuestros clientes y nos comprometemos a cumplir con sus requisitos. Mantenemos una comunicaci\u00f3n abierta y efectiva con nuestros clientes, obteniendo su retroalimentaci\u00f3n para identificar oportunidades de mejora y fortalecer nuestras relaciones comerciales a largo plazo.<\/li>\n\n\n\n<li><strong>Gesti\u00f3n de riesgos:<\/strong> Implementamos un enfoque proactivo para identificar y gestionar los riesgos que podr\u00edan afectar la calidad de nuestros productos. Realizamos evaluaciones peri\u00f3dicas de riesgos y tomamos medidas preventivas para minimizar cualquier impacto negativo. Adem\u00e1s, contamos con planes de contingencia y de respuesta r\u00e1pida para hacer frente a situaciones inesperadas y garantizar la calidad de nuestros productos en todo momento.<\/li>\n\n\n\n<li><strong>Responsabilidad social y ambiental: <\/strong>Reconocemos nuestra responsabilidad hacia la sociedad y el medio ambiente. Promovemos pr\u00e1cticas sostenibles en nuestras operaciones, minimizando el consumo de recursos naturales, reduciendo los residuos y fomentando la conservaci\u00f3n de la biodiversidad. Adem\u00e1s, nos comprometemos a cumplir con los principios de comercio justo y a apoyar a las comunidades locales en las que operamos.<\/li>\n<\/ol>\n\n\n\n<p>Esta pol\u00edtica de calidad es comunicada, implementada y mantenida en todos los niveles de la organizaci\u00f3n. Revisamos regularmente su efectividad y la adecuamos a los cambios en nuestro entorno empresarial y en las expectativas de los clientes. Al adherirnos a estos principios, aseguramos la calidad de nuestros productos c\u00edtricos y fortalecemos nuestra posici\u00f3n como l\u00edderes en nuestra industria.<\/p>\n","protected":false},"excerpt":{"rendered":"<p>Nos comprometemos a ofrecer productos c\u00edtricos de la m\u00e1s alta calidad (naranja, mandarina y lim\u00f3n), cumpliendo con los est\u00e1ndares y requisitos establecidos por nuestros clientes, regulaciones gubernamentales y otras partes interesadas pertinentes. Nuestra pol\u00edtica de calidad es fundamental para alcanzar la excelencia en todas las etapas de nuestra operaci\u00f3n y garantizar la satisfacci\u00f3n de nuestros [&hellip;]<\/p>\n","protected":false},"author":1,"featured_media":0,"parent":0,"menu_order":0,"comment_status":"closed","ping_status":"closed","template":"","meta":{"vkexunit_cta_each_option":"","footnotes":""},"class_list":["post-227","page","type-page","status-publish","hentry"],"_links":{"self":[{"href":"https:\/\/www.torressantamaria.com\/index.php\/wp-json\/wp\/v2\/pages\/227","targetHints":{"allow":["GET"]}}],"collection":[{"href":"https:\/\/www.torressantamaria.com\/index.php\/wp-json\/wp\/v2\/pages"}],"about":[{"href":"https:\/\/www.torressantamaria.com\/index.php\/wp-json\/wp\/v2\/types\/page"}],"author":[{"embeddable":true,"href":"https:\/\/www.torressantamaria.com\/index.php\/wp-json\/wp\/v2\/users\/1"}],"replies":[{"embeddable":true,"href":"https:\/\/www.torressantamaria.com\/index.php\/wp-json\/wp\/v2\/comments?post=227"}],"version-history":[{"count":7,"href":"https:\/\/www.torressantamaria.com\/index.php\/wp-json\/wp\/v2\/pages\/227\/revisions"}],"predecessor-version":[{"id":272,"href":"https:\/\/www.torressantamaria.com\/index.php\/wp-json\/wp\/v2\/pages\/227\/revisions\/272"}],"wp:attachment":[{"href":"https:\/\/www.torressantamaria.com\/index.php\/wp-json\/wp\/v2\/media?parent=227"}],"curies":[{"name":"wp","href":"https:\/\/api.w.org\/{rel}","templated":true}]}}