{"id":2,"date":"2022-12-29T02:58:47","date_gmt":"2022-12-29T02:58:47","guid":{"rendered":"http:\/\/www.torressantamaria.com\/?page_id=2"},"modified":"2023-08-03T17:44:46","modified_gmt":"2023-08-03T22:44:46","slug":"sample-page","status":"publish","type":"page","link":"https:\/\/www.torressantamaria.com\/index.php\/sample-page\/","title":{"rendered":"Quienes somos"},"content":{"rendered":"\n<div class=\"wp-block-media-text alignwide is-stacked-on-mobile\" style=\"grid-template-columns:35% auto\"><figure class=\"wp-block-media-text__media\"><img loading=\"lazy\" decoding=\"async\" width=\"464\" height=\"619\" src=\"https:\/\/www.torressantamaria.com\/wp-content\/uploads\/2023\/01\/CTSHEAD4x-2.png\" alt=\"\" class=\"wp-image-144 size-full\" srcset=\"https:\/\/www.torressantamaria.com\/wp-content\/uploads\/2023\/01\/CTSHEAD4x-2.png 464w, https:\/\/www.torressantamaria.com\/wp-content\/uploads\/2023\/01\/CTSHEAD4x-2-225x300.png 225w\" sizes=\"auto, (max-width: 464px) 100vw, 464px\" \/><\/figure><div class=\"wp-block-media-text__content\">\n<p class=\"has-text-align-center\">Somos una empresa familiar, legalmente constituida desde el a\u00f1o 1995, dedicada a la producci\u00f3n, comercializaci\u00f3n y distribuci\u00f3n de c\u00edtricos; nuestros cultivos son: naranja, mandarina y lim\u00f3n en diferentes variedades.<\/p>\n\n\n\n<p class=\"has-text-align-center\">Nuestra prioridad es satisfacer las necesidades de todos nuestros clientes\u202fy\u202fcolaboradores, ofreciendo salud, bienestar y comodidad. Con el objetivo de maximizar la eficiencia y optimizar la rentabilidad a trav\u00e9s de\u202fnuestra\u202fdiferenciaci\u00f3n\u202fen calidad y servicio.<\/p>\n\n\n\n<p class=\"has-text-align-center\">Adem\u00e1s, contribuir con la seguridad alimentaria y el equilibro de nuestro medio ambiente, impactando nuestra regi\u00f3n con productos 100% naturales y con est\u00e1ndares de calidad.<\/p>\n\n\n\n<p class=\"has-text-align-center\">Estamos en continua evoluci\u00f3n y buscamos ser una empresa referente en Colombia, a trav\u00e9s de un servicio de venta y distribuci\u00f3n directa \u201cdel campo a la mesa \u201c. Conseguir la fidelizaci\u00f3n de nuestros clientes a trav\u00e9s de la producci\u00f3n, comercializaci\u00f3n y distribuci\u00f3n de productos de calidad, y a partir de la cual afianzar un crecimiento progresivo y sostenido en el mercado nacional e internacional, consolidando nuestra posici\u00f3n como empresa de referencia en el sector, con una imagen corporativa propia y diferenciada de sus competidores a trav\u00e9s de la innovaci\u00f3n y la mejora continua.<\/p>\n<\/div><\/div>\n","protected":false},"excerpt":{"rendered":"<p>Somos una empresa familiar, legalmente constituida desde el a\u00f1o 1995, dedicada a la producci\u00f3n, comercializaci\u00f3n y distribuci\u00f3n de c\u00edtricos; nuestros cultivos son: naranja, mandarina y lim\u00f3n en diferentes variedades. Nuestra prioridad es satisfacer las necesidades de todos nuestros clientes\u202fy\u202fcolaboradores, ofreciendo salud, bienestar y comodidad. Con el objetivo de maximizar la eficiencia y optimizar la rentabilidad [&hellip;]<\/p>\n","protected":false},"author":1,"featured_media":0,"parent":0,"menu_order":0,"comment_status":"closed","ping_status":"open","template":"","meta":{"vkexunit_cta_each_option":"","footnotes":""},"class_list":["post-2","page","type-page","status-publish","hentry"],"_links":{"self":[{"href":"https:\/\/www.torressantamaria.com\/index.php\/wp-json\/wp\/v2\/pages\/2","targetHints":{"allow":["GET"]}}],"collection":[{"href":"https:\/\/www.torressantamaria.com\/index.php\/wp-json\/wp\/v2\/pages"}],"about":[{"href":"https:\/\/www.torressantamaria.com\/index.php\/wp-json\/wp\/v2\/types\/page"}],"author":[{"embeddable":true,"href":"https:\/\/www.torressantamaria.com\/index.php\/wp-json\/wp\/v2\/users\/1"}],"replies":[{"embeddable":true,"href":"https:\/\/www.torressantamaria.com\/index.php\/wp-json\/wp\/v2\/comments?post=2"}],"version-history":[{"count":4,"href":"https:\/\/www.torressantamaria.com\/index.php\/wp-json\/wp\/v2\/pages\/2\/revisions"}],"predecessor-version":[{"id":226,"href":"https:\/\/www.torressantamaria.com\/index.php\/wp-json\/wp\/v2\/pages\/2\/revisions\/226"}],"wp:attachment":[{"href":"https:\/\/www.torressantamaria.com\/index.php\/wp-json\/wp\/v2\/media?parent=2"}],"curies":[{"name":"wp","href":"https:\/\/api.w.org\/{rel}","templated":true}]}}